{"id":34,"date":"2021-12-02T18:38:11","date_gmt":"2021-12-02T16:38:11","guid":{"rendered":"https:\/\/youngwritershub.com\/home\/"},"modified":"2023-03-19T12:48:37","modified_gmt":"2023-03-19T10:48:37","slug":"home","status":"publish","type":"page","link":"https:\/\/youngwritershub.com\/ro\/","title":{"rendered":"Acasa"},"content":{"rendered":"<h2>Join the Young Writers&#8217; Hub community<\/h2>\r\n\n\r\n<p>Aboneaz\u0103-te la newsletter-ul nostru pentru nout\u0103\u021bi, oferte, evenimente \u0219i multe altele!<\/p>\r\n\n\r\n\n\t<section id=\"yikes-mailchimp-container-1\" class=\"yikes-mailchimp-container yikes-mailchimp-container-1\">\n\t\t\t\t<form id=\"join-the-ywh-community-1\" class=\"yikes-easy-mc-form yikes-easy-mc-form-1 yikes-mailchimp-form-inline\" method=\"POST\" data-attr-form-id=\"1\" action=\"\">\n\n\t\t\t\t\t\t\t\t\t\t\t\t\t<label for=\"yikes-easy-mc-form-1-EMAIL\"  class=\"label-inline EMAIL-label yikes-mailchimp-field-required\">\n\n\t\t\t\t\t\t\t\t\t\t<!-- dictate label visibility -->\n\t\t\t\t\t\t\t\t\t\t\n\t\t\t\t\t\t\t\t\t\t<!-- Description Above -->\n\t\t\t\t\t\t\t\t\t\t\n\t\t\t\t\t\t\t\t\t\t<input id=\"yikes-easy-mc-form-1-EMAIL\"  name=\"EMAIL\"  placeholder=\"Introduce\u021bi adresa de e-mail\"  class=\"yikes-easy-mc-email field-no-label\"  required=\"required\" type=\"email\"  value=\"\">\n\n\t\t\t\t\t\t\t\t\t\t<!-- Description Below -->\n\t\t\t\t\t\t\t\t\t\t\n\t\t\t\t\t\t\t\t\t<\/label>\n\t\t\t\t\t\t\t\t\t\n\t\t\t\t<!-- Honeypot Trap -->\n\t\t\t\t<input type=\"hidden\" name=\"yikes-mailchimp-honeypot\" id=\"yikes-mailchimp-honeypot-1\" value=\"\">\n\n\t\t\t\t<!-- List ID -->\n\t\t\t\t<input type=\"hidden\" name=\"yikes-mailchimp-associated-list-id\" id=\"yikes-mailchimp-associated-list-id-1\" value=\"23019b5525\">\n\n\t\t\t\t<!-- The form that is being submitted! Used to display error\/success messages above the correct form -->\n\t\t\t\t<input type=\"hidden\" name=\"yikes-mailchimp-submitted-form\" id=\"yikes-mailchimp-submitted-form-1\" value=\"1\">\n\n\t\t\t\t<!-- Submit Button -->\n\t\t\t\t<label class=\"empty-form-inline-label submit-button-inline-label\"><span class=\"empty-label labels-hidden\">&nbsp;<\/span><button type=\"submit\" class=\"yikes-easy-mc-submit-button yikes-easy-mc-submit-button-1 btn btn-primary\"> <span class=\"yikes-mailchimp-submit-button-span-text\">Trimite<\/span><\/button><\/label>\t\t\t\t<!-- Nonce Security Check -->\n\t\t\t\t<input type=\"hidden\" id=\"yikes_easy_mc_new_subscriber_1\" name=\"yikes_easy_mc_new_subscriber\" value=\"f2c709771b\">\n\t\t\t\t<input type=\"hidden\" name=\"_wp_http_referer\" value=\"\/ro\/wp-json\/wp\/v2\/pages\/34\" \/>\n\t\t\t<input type=\"hidden\" name=\"trp-form-language\" value=\"ro\"\/><\/form>\n\t\t\t<!-- Mailchimp Form generated by Easy Forms for Mailchimp v6.8.9 (https:\/\/wordpress.org\/plugins\/yikes-inc-easy-mailchimp-extender\/) -->\n\n\t\t\t<\/section>\n\t\r\n\n\n\n\n\n\n\n\n\n\r\n<h2>DESPRE NOI<\/h2>\r\n\n\n\r\n<p>Young Writers&#8217; Hub is more than just a platform. It&#8217;s where the line between fiction and reality fades out as your path begins to show.\u00a0<\/p>\r\n\n\r\n<p>We are a community of writers helping minds alike throughout their journey towards getting their books on the bestseller shelves.<\/p>\r\n\n\n\n\n\n\n\r\n<h2>MISIUNEA NOASTR\u0102<\/h2>\r\n\n\n\r\n<p>Our raison d&#8217;\u00eatre is reaching all writers across Romania, regardless of their possibilities, offering them the necessary training and experience to write and publish their books.<\/p>\r\n\n\r\n<p>Jum\u0103tate din v\u00e2nz\u0103rile abonamentelor membrilor sunt investite \u00een introducerea programelor noastre pentru adolescen\u021bii din medii defavorizate.<\/p>\r\n\n\n\n\n\n\n\n\n\n\n<h2>FAQs<\/h2>\n\n\n\n<p>We offer <b>workbooks<\/b>, writing <b>prompts<\/b>, <b>editing<\/b> services, and <b>mentorship<\/b> programs to inspire and empower writers at every level. You can learn new techniques, develop your writing style, and receive feedback on your work through our resources. Join us and explore the endless possibilities of writing!<br><\/p>\n\n\n<p>Young Writers&#8217; Hub welcomes writers of <b>all ages<\/b>. Our community provides a supportive environment for writers to hone their craft, connect with others, and access resources. Whether you&#8217;re a novice or an experienced writer, our programs are designed to meet your needs and help you grow as a writer.<br><\/p>\n\n\n<p>When crafting a compelling story, writing challenges us to think creatively, express ourselves clearly, and engage with the world. Writing can improve our cognitive abilities and keep our brains sharp and agile as we age. This is why the name &#8220;Young Writers&#8217; Hub&#8221; is so fitting, as it speaks to the idea that writing can help us stay youthful and vibrant, no matter our age.<\/p>\n\n\n\n\n\n\n<h2>OUR SERVICES<\/h2>\n\n<p>Young Writers&#8217; Hub provides a supportive community for writers of all ages to hone their craft, connect with others, and access resources. Whether you&#8217;re a novice or an experienced writer, we have something for you.<\/p>\n\n\n\n\n\n\n\n\n\n\n\n\n\n\n\n\n\n\n\n\n\n\n\n\n\n\n\n\n\n\n\n\n\r\n<h2>CE SPUNE LUMEA<\/h2>\r\n\n\n\n\n\r\n<p dir=\"ltr\" style=\"line-height: 1.38; margin-left: 36pt; margin-top: 0pt; margin-bottom: 0pt;\"><span style=\"font-family: Arial;\"><span style=\"font-size: 15.3333px; white-space: pre-wrap;\">\u00a0<\/span><\/span><\/p>\r\n<p dir=\"ltr\" style=\"line-height: 1.38; margin-left: 36pt; margin-top: 0pt; margin-bottom: 0pt;\"><span style=\"font-family: Arial;\"><span style=\"font-size: 15.3333px; white-space: pre-wrap;\">Pove\u0219tile creeaz\u0103 \u0219i recreeaz\u0103 lumea de c\u00e2nd au fost spuse de primii oameni. A \u0219ti ce \u00eenseamn\u0103 o poveste bun\u0103, care s\u0103 hr\u0103neasc\u0103 imagina\u021bia \u0219i s\u0103 duc\u0103 o idee mai departe este o abilitate ce trebuie atrenat\u0103. Cu at\u00e2t mai mult acum, c\u00e2nd societatea pare s\u0103 uite ce influen\u021b\u0103 au pove\u0219tile pe care ni le spunem.<\/span><\/span><\/p>\r\n<p dir=\"ltr\" style=\"line-height: 1.38; margin-left: 36pt; margin-top: 0pt; margin-bottom: 0pt;\"><span style=\"font-family: Arial;\"><span style=\"font-size: 15.3333px; white-space: pre-wrap;\">\u00a0<\/span><\/span><\/p>\r\n<p dir=\"ltr\" style=\"line-height: 1.38; margin-left: 36pt; margin-top: 0pt; margin-bottom: 0pt;\"><span style=\"font-family: Arial;\"><span style=\"font-size: 15.3333px; white-space: pre-wrap;\">\u00a0<\/span><\/span><\/p>\r\n<p dir=\"ltr\" style=\"line-height: 1.38; margin-left: 36pt; margin-top: 0pt; margin-bottom: 0pt;\"><span style=\"font-family: Arial;\"><span style=\"font-size: 15.3333px; white-space: pre-wrap;\">Young Writers&#8217; Hub&#8217;s initiative is helping to develop this skill and create a community of young writers who can use their critical thinking, imaginative spirit and the power of telling a good story.<\/span><\/span><\/p>\r\n<p dir=\"ltr\" style=\"line-height: 1.38; margin-left: 36pt; margin-top: 0pt; margin-bottom: 0pt; text-align: left;\">\u00a0<\/p>","protected":false},"excerpt":{"rendered":"","protected":false},"author":1,"featured_media":0,"parent":0,"menu_order":0,"comment_status":"closed","ping_status":"closed","template":"","meta":{"footnotes":""},"_links":{"self":[{"href":"https:\/\/youngwritershub.com\/ro\/wp-json\/wp\/v2\/pages\/34"}],"collection":[{"href":"https:\/\/youngwritershub.com\/ro\/wp-json\/wp\/v2\/pages"}],"about":[{"href":"https:\/\/youngwritershub.com\/ro\/wp-json\/wp\/v2\/types\/page"}],"author":[{"embeddable":true,"href":"https:\/\/youngwritershub.com\/ro\/wp-json\/wp\/v2\/users\/1"}],"replies":[{"embeddable":true,"href":"https:\/\/youngwritershub.com\/ro\/wp-json\/wp\/v2\/comments?post=34"}],"version-history":[{"count":76,"href":"https:\/\/youngwritershub.com\/ro\/wp-json\/wp\/v2\/pages\/34\/revisions"}],"predecessor-version":[{"id":660,"href":"https:\/\/youngwritershub.com\/ro\/wp-json\/wp\/v2\/pages\/34\/revisions\/660"}],"wp:attachment":[{"href":"https:\/\/youngwritershub.com\/ro\/wp-json\/wp\/v2\/media?parent=34"}],"curies":[{"name":"wp","href":"https:\/\/api.w.org\/{rel}","templated":true}]}}