{"id":35,"date":"2021-12-02T18:38:11","date_gmt":"2021-12-02T16:38:11","guid":{"rendered":"https:\/\/youngwritershub.com\/about\/"},"modified":"2022-02-20T16:46:37","modified_gmt":"2022-02-20T14:46:37","slug":"about","status":"publish","type":"page","link":"https:\/\/youngwritershub.com\/ro\/about\/","title":{"rendered":"Despre noi"},"content":{"rendered":"<h3>DESPRE NOI<\/h3>\n\n<p>Unde min\u021bile asemenea sunt ghidate \u0219i modelate de-a lungul c\u0103l\u0103toriei lor spre a-\u0219i aduce c\u0103r\u021bile pe rafturile bestsellerurilor. Misiunea noastr\u0103 este s\u0103 cre\u0219tem comunitatea de scriitori adolescen\u021bi din Rom\u00e2nia, oferindu-le preg\u0103tirea \u0219i experien\u021ba necesare pentru a scrie \u0219i publica propriile c\u0103r\u021bi.<br><\/p>\n\n\n\n\n\n\r\n<h2>DE CE NOI<\/h2>\r\n\n\n<p>You&#8217;re on this page for a reason. Whether you need to convince yourself or your parents that <em>po\u021bi<\/em>&nbsp;have your own books on the shelves, we&#8217;ve got you covered!<\/p>\n\n\n\n\n<p>O hart\u0103: un model testat pas cu pas pentru a-\u021bi scrie cartea.<\/p>\n\n\n<p>Fie c\u0103 scrii versuri \u00een clas\u0103 sau schi\u021bezi romane de pl\u0103cere, \u00ee\u021bi vei \u00eembog\u0103\u021bi 100% scrisul!<\/p>\n\n\n<p style=\"text-align: center;\">Vei fi introdus \u00eentr-o comunitate de viitori schimb\u0103tori ai lumii, stabilind prietenii \u0219i conexiuni de durat\u0103.<\/p>\n\n\n\n\n<p>You&#8217;ll get to work with impactfully inspiring published authors.<\/p>\n\n\n<p>Hey, we&#8217;ve got your back! Need reassurance, feedback or guidance? Ask and you shall receive!<\/p>\n\n\n<p>Aceasta este o piatr\u0103 de temelie \u00een <em>c\u0103l\u0103toria ta<\/em> , a\u0219a c\u0103 vei fi implicat \u00een toate etapele procesului.<\/p>","protected":false},"excerpt":{"rendered":"","protected":false},"author":1,"featured_media":0,"parent":0,"menu_order":0,"comment_status":"closed","ping_status":"closed","template":"","meta":{"footnotes":""},"_links":{"self":[{"href":"https:\/\/youngwritershub.com\/ro\/wp-json\/wp\/v2\/pages\/35"}],"collection":[{"href":"https:\/\/youngwritershub.com\/ro\/wp-json\/wp\/v2\/pages"}],"about":[{"href":"https:\/\/youngwritershub.com\/ro\/wp-json\/wp\/v2\/types\/page"}],"author":[{"embeddable":true,"href":"https:\/\/youngwritershub.com\/ro\/wp-json\/wp\/v2\/users\/1"}],"replies":[{"embeddable":true,"href":"https:\/\/youngwritershub.com\/ro\/wp-json\/wp\/v2\/comments?post=35"}],"version-history":[{"count":29,"href":"https:\/\/youngwritershub.com\/ro\/wp-json\/wp\/v2\/pages\/35\/revisions"}],"predecessor-version":[{"id":432,"href":"https:\/\/youngwritershub.com\/ro\/wp-json\/wp\/v2\/pages\/35\/revisions\/432"}],"wp:attachment":[{"href":"https:\/\/youngwritershub.com\/ro\/wp-json\/wp\/v2\/media?parent=35"}],"curies":[{"name":"wp","href":"https:\/\/api.w.org\/{rel}","templated":true}]}}